{"id":3085,"date":"2021-11-22T17:13:35","date_gmt":"2021-11-22T20:13:35","guid":{"rendered":"http:\/\/localhost:8888\/tre\/?page_id=3085"},"modified":"2025-05-27T10:56:31","modified_gmt":"2025-05-27T13:56:31","slug":"politica-de-privacidade","status":"publish","type":"page","link":"https:\/\/treinvestimentos.com.br\/antigo\/politica-de-privacidade\/","title":{"rendered":"Pol\u00edtica de Privacidade"},"content":{"rendered":"[vc_row type=&#8221;in_container&#8221; full_screen_row_position=&#8221;middle&#8221; column_margin=&#8221;default&#8221; column_direction=&#8221;default&#8221; column_direction_tablet=&#8221;default&#8221; column_direction_phone=&#8221;default&#8221; scene_position=&#8221;center&#8221; top_padding=&#8221;50&#8243; text_color=&#8221;dark&#8221; text_align=&#8221;left&#8221; row_border_radius=&#8221;none&#8221; row_border_radius_applies=&#8221;bg&#8221; overflow=&#8221;visible&#8221; overlay_strength=&#8221;0.3&#8243; gradient_direction=&#8221;left_to_right&#8221; shape_divider_position=&#8221;bottom&#8221; bg_image_animation=&#8221;none&#8221; shape_type=&#8221;&#8221;][vc_column column_padding=&#8221;no-extra-padding&#8221; column_padding_tablet=&#8221;inherit&#8221; column_padding_phone=&#8221;inherit&#8221; column_padding_position=&#8221;all&#8221; column_element_direction_desktop=&#8221;default&#8221; column_element_spacing=&#8221;default&#8221; desktop_text_alignment=&#8221;default&#8221; tablet_text_alignment=&#8221;default&#8221; phone_text_alignment=&#8221;default&#8221; background_color_opacity=&#8221;1&#8243; background_hover_color_opacity=&#8221;1&#8243; column_backdrop_filter=&#8221;none&#8221; column_shadow=&#8221;none&#8221; column_border_radius=&#8221;none&#8221; column_link_target=&#8221;_self&#8221; column_position=&#8221;default&#8221; gradient_direction=&#8221;left_to_right&#8221; overlay_strength=&#8221;0.3&#8243; width=&#8221;1\/1&#8243; tablet_width_inherit=&#8221;default&#8221; animation_type=&#8221;default&#8221; bg_image_animation=&#8221;none&#8221; border_type=&#8221;simple&#8221; column_border_width=&#8221;none&#8221; column_border_style=&#8221;solid&#8221;][vc_column_text text_direction=&#8221;default&#8221;]\r\n<h2>Pol\u00edtica de Privacidade<\/h2>\r\n<p>N\u00f3s da Associa\u00e7\u00e3o Tr\u00ea Investindo com Causa, atuando em concord\u00e2ncia com a Lei Geral de Prote\u00e7\u00e3o de Dados Pessoais &#8211; LGPD (Lei n. 13.709\/2018), valorizamos a prote\u00e7\u00e3o aos dados pessoais, sobretudo aqueles tratados em nossa estrutura e como consequ\u00eancia de nossas atividades. Declaramos que todo o tratamento de dados pessoais realizado pela Tr\u00ea est\u00e1 em concord\u00e2ncia com a citada Lei. Assim, por meio da presente Pol\u00edtica de Privacidade, esclarecemos a respeito dos dados por n\u00f3s recebidos, coletados ou armazenados, bem como as finalidades que justificam essas a\u00e7\u00f5es inerentes ao tratamento de dados, manifestado tamb\u00e9m acerca dos direitos do titular dos dados pessoais.<\/p>\r\n<p>&nbsp;<\/p>\r\n<h3>1. Controladora e Operadora Respons\u00e1vel pelo Tratamento dos Dados pessoais deste site<\/h3>\r\n<p>O Respons\u00e1vel pelo Tratamento dos seus dados pessoais, relacionados com as finalidades abaixo indicadas \u00e9 a Associa\u00e7\u00e3o Tr\u00ea Investindo com Causa, situado \u00e0 Rua Ferreira de Ara\u00fajo, 221, Conj. 122, Pinheiros &#8211; SP.<\/p>\r\n<p>&nbsp;<\/p>\r\n<h3>2. Dados Recolhidos<\/h3>\r\n<p>Recolhemos atrav\u00e9s do site e por meio de nossos cadastros e documentos entregues em variadas situa\u00e7\u00f5es, os seguintes dados:<\/p>\r\n<p><strong>2.1. Informa\u00e7\u00f5es cadastrais e fiscais (Art. 7o, I, Lei n. 13.709\/2018): <\/strong><\/p>\r\n<p>Recolhemos os dados pessoais que nos s\u00e3o voluntariamente fornecidos para a presta\u00e7\u00e3o de servi\u00e7os e identifica\u00e7\u00e3o. Para tanto, poderemos necessitar(variando conforme os servi\u00e7os de interesse do cliente) dos seguintes dados: nome completo, documentos pessoais (RG e CPF ou CNPJ), contato telef\u00f4nico, endere\u00e7o, e-mail, nome da empresa, estado. Esses mesmos dados poder\u00e3o ser utilizados para a emiss\u00e3o de documentos fiscais.<\/p>\r\n<p><strong>2.2. Dados t\u00e9cnicos obtidos passivamente (Art. 7o, I, Lei n. 13.709\/2018): <\/strong><\/p>\r\n<p>Sempre que voc\u00ea visita o nosso site, ele pode armazenar ou recuperar informa\u00e7\u00f5es de seu navegador, principalmente sob a forma de cookies. Esta informa\u00e7\u00e3o pode ser acerca de si, das suas prefer\u00eancias ou do seu dispositivo, e \u00e9 usada para que possamos aprimorar as funcionalidades de nosso site e ofertar a melhor experi\u00eancia de conex\u00e3o a voc\u00ea, tornando sua navega\u00e7\u00e3o ainda mais agrad\u00e1vel e personalizada e permitindo que nossa comunica\u00e7\u00e3o com voc\u00ea seja ainda mais direcionada \u00e0s suas prefer\u00eancias.<\/p>\r\n<p>&nbsp;<\/p>\r\n<h3>3. Destinat\u00e1rios dos Dados Pessoais<\/h3>\r\n<p>Nossa empresa poder\u00e1 compartilhar os dados pessoais recebidos ou<br \/>coletados em fun\u00e7\u00e3o das seguintes finalidades:<\/p>\r\n\r\n<p><br \/><strong>3.1. Divulga\u00e7\u00e3o a terceiros (Art. 9o, Lei n. 13.709\/2018):<\/strong><br \/>Podemos divulgar os seus dados pessoais aos terceiros com quem temos parceria, sempre com o objetivo de prestarmos o melhor servi\u00e7o e para assegurarmos o pleno cumprimento do contrato. Essa divulga\u00e7\u00e3o, sempre que poss\u00edvel, ocorrer\u00e1 mediante substabelecimento com reserva de poderes, a partir da outorga de poderes realizada por procura\u00e7\u00e3o ou de autoriza\u00e7\u00e3o expressa. Mesmo que seja necess\u00e1rio o compartilhamento de dados para correspondentes sem a presen\u00e7a de substabelecimento, zelaremos para que os destinat\u00e1rios estejam cientes de seus deveres perante as informa\u00e7\u00f5es recebidas.<\/p>\r\n\r\n<p><br \/><strong>3.2. Prestadores de Servi\u00e7os (Art. 9o, Lei n. 13.709\/2018):<\/strong><br \/>Para presta\u00e7\u00e3o de servi\u00e7os que exercem atividade diferente da nossa atividade fim, tais como escrit\u00f3rios de contabilidade, escrit\u00f3rios de investimento e suporte tecnol\u00f3gico (TI). Tais entidades dever\u00e3o atuar apenas mediante instru\u00e7\u00f5es da Controladora, respeitando esta Pol\u00edtica de Privacidade e com nenhum outro prop\u00f3sito a n\u00e3o ser fornecer-nos os servi\u00e7os necess\u00e1rios.<\/p>\r\n\r\n<p><br \/><strong>3.3. Entidades Judiciais ou equiparadas (Art. 9o, Lei n. 13.709\/2018):<\/strong><br \/>Podemos divulgar os seus dados pessoais se tal for exigido por ordem judicial ou administrativa ou sempre que formos legalmente obrigados para auxiliar autoridades p\u00fablicas dentro das respectivas compet\u00eancias legais, ou informamos para entes e \u00f3rg\u00e3os p\u00fablicos com intuito de representa\u00e7\u00e3o dos seus interesses e cumprimento do contrato de presta\u00e7\u00e3o de servi\u00e7os.<\/p>\r\n<p>\u00a0<\/p>\r\n\r\n<h3 class=\"wp-block-heading\">4. Exercer os seus Direitos (Artigos. 17o e 18\u00b0, Lei n. 13.709\/2018):<\/h3>\r\n<p>A LGPD assegura ao titular do dado alguns direitos, dentre eles:<br \/>a) confirma\u00e7\u00e3o da exist\u00eancia de tratamento nos dados;<br \/>b) acesso aos dados pessoais;<br \/>c) corre\u00e7\u00e3o de seus dados pessoais quando estiverem incompletos, inexatos ou desatualizados;<br \/>d) elimina\u00e7\u00e3o de dados pessoais desnecess\u00e1rios, excessivos ou de tratamento il\u00edcito &#8211; ressalvado o caso em que o tratamento \u00e9 legal, ainda que n\u00e3o haja consentimento do titular;<br \/>e) portabilidade de dados a outro fornecedor de servi\u00e7o ou produto &#8211; respeitando os segredos comercial e industrial;<br \/>f) informa\u00e7\u00e3o sobre o compartilhamento de dados com entes p\u00fablicos e privados, quando existir;<br \/>g) informa\u00e7\u00e3o sobre o n\u00e3o consentimento &#8211; a op\u00e7\u00e3o de n\u00e3o autorizar o tratamento e as consequ\u00eancias da negativa;<br \/>h) revoga\u00e7\u00e3o ou retirada do consentimento;<br \/>i) reclama\u00e7\u00e3o contra o controlador de dados perante \u00e0 autoridade nacional;<br \/>j) oposi\u00e7\u00e3o nos casos em que discordar do tratamento feito sem seu consentimento e entenda que seja irregular.<\/p>\r\n<p>Para exercer um ou mais direitos acima referidos, basta contatar o(a) encarregado(a) pelo tratamento de dados pessoais indicado(a) neste documento. Cabe ressaltar, que os dados deste(a) profissional, que atuar\u00e1 em nome da Associa\u00e7\u00e3o, estar\u00e1 dispon\u00edvel ao final deste documento, a fim de que qualquer titular de dados que tenha informa\u00e7\u00f5es em nosso banco de dados possa se comunicar e requerer seus direitos. Voc\u00ea tamb\u00e9m possui o direito de apresentar uma reclama\u00e7\u00e3o diretamente \u00e0 Autoridade Nacional de Prote\u00e7\u00e3o de Dados &#8211; ANPD, se entender que os seus direitos foram infringidos.<\/p>\r\n<p>&nbsp;<\/p>\r\n<h3>5. Seguran\u00e7a (Artigos. 46\u00b0 ao 49\u00b0, Lei n. 13.709\/2018)<\/h3>\r\n<p>A seguran\u00e7a dos seus dados pessoais assume para n\u00f3s elevada import\u00e2ncia. Para proteger os seus dados usamos rigorosas medidas de seguran\u00e7a, que reputamos adequadas para, nomeadamente, evitar a perda, uso indevido e a sua altera\u00e7\u00e3o, tanto durante a transmiss\u00e3o quanto ap\u00f3s a respectiva recep\u00e7\u00e3o, incluindo, sem car\u00e1cter limitativo, o uso de firewalls e de encripta\u00e7\u00e3o.<\/p>\r\n<p>Caso ocorra um incidente que coloque em risco a seguran\u00e7a dos seus dados pessoais, poderemos publicar uma not\u00edcia na p\u00e1gina principal de nosso portal ou em qualquer outra \u00e1rea do site, e l ou poderemos enviar-lhe um e-mail para voc\u00ea informando a respeito do ocorrido.<\/p>\r\n<p>Al\u00e9m disso, e como evid\u00eancia de nosso empenho em estar adequados \u00e0s melhores pr\u00e1ticas de prote\u00e7\u00e3o de dados pessoais preconizados pela LGPD, contamos com uma pol\u00edtica espec\u00edfica de resposta a incidentes de dados.<\/p>\r\n<p>&nbsp;<\/p>\r\n\r\n<p>&nbsp;<\/p>\r\n\r\n<h3>6. Atualiza\u00e7\u00f5es da Pol\u00edtica de Privacidade<\/h3>\r\n<p>Podemos atualizar, periodicamente e sempre que se revelar necess\u00e1rio, a presente pol\u00edtica de privacidade. Sempre que o fizermos, alteraremos a informa\u00e7\u00e3o referente \u00e0 sua data de entrada em vigor, no site. Encorajamos a todas as pessoas interessadas para que possam rever periodicamente esta pol\u00edtica de privacidade, a fim de se manterem inteiramente informadas acerca da coleta, uso e divulga\u00e7\u00e3o dos seus dados pessoais. Durante o ingresso a este site, coletamos a sua concord\u00e2ncia com esta pol\u00edtica de privacidade, de maneira informada, esclarecida e inequ\u00edvoca. \u00c9 neste sentido que procuramos corresponder, a todo o tempo, da melhor forma \u00e0 confian\u00e7a geral e justificada que merecem os seus servi\u00e7os.<\/p>\r\n<p>&nbsp;<\/p>\r\n<h3>7. Encarregado pela Prote\u00e7\u00e3o de Dados Pessoais (DPO &#8211; Data Protection<br \/>Officer)<\/h3>\r\n<p>Para o esclarecimento de quest\u00f5es exclusivamente relativas a esta pol\u00edtica de privacidade e no que implica a tutela da prote\u00e7\u00e3o dos seus dados pessoais, poder\u00e1 ser acionado(a), por meio dos contatos apresentados nessa Pol\u00edtica, o(a) nosso(a) encarregado(a) de prote\u00e7\u00e3o de dados pessoais.<\/p>\r\n<p><strong>Nome do\/da DPO: <\/strong>Aline Cano<br \/><strong>Email para contato: <\/strong>aline.cano@treinvestimentos.com.br<\/p>\r\n\r\n<p>&nbsp;<\/p>\r\n[\/vc_column_text][\/vc_column][\/vc_row]","protected":false},"excerpt":{"rendered":"<p>[vc_row type=&#8221;in_container&#8221; full_screen_row_position=&#8221;middle&#8221; column_margin=&#8221;default&#8221; column_direction=&#8221;default&#8221; column_direction_tablet=&#8221;default&#8221; column_direction_phone=&#8221;default&#8221; scene_position=&#8221;center&#8221; top_padding=&#8221;50&#8243; text_color=&#8221;dark&#8221; text_align=&#8221;left&#8221; row_border_radius=&#8221;none&#8221; row_border_radius_applies=&#8221;bg&#8221; overflow=&#8221;visible&#8221; overlay_strength=&#8221;0.3&#8243; gradient_direction=&#8221;left_to_right&#8221; shape_divider_position=&#8221;bottom&#8221; bg_image_animation=&#8221;none&#8221; shape_type=&#8221;&#8221;][vc_column column_padding=&#8221;no-extra-padding&#8221; column_padding_tablet=&#8221;inherit&#8221; column_padding_phone=&#8221;inherit&#8221; column_padding_position=&#8221;all&#8221; column_element_direction_desktop=&#8221;default&#8221; column_element_spacing=&#8221;default&#8221; desktop_text_alignment=&#8221;default&#8221; tablet_text_alignment=&#8221;default&#8221; phone_text_alignment=&#8221;default&#8221; background_color_opacity=&#8221;1&#8243; background_hover_color_opacity=&#8221;1&#8243;&#8230;<\/p>\n","protected":false},"author":7,"featured_media":0,"parent":0,"menu_order":0,"comment_status":"closed","ping_status":"closed","template":"","meta":{"give_campaign_id":0,"inline_featured_image":false,"footnotes":""},"class_list":["post-3085","page","type-page","status-publish"],"yoast_head":"<!-- This site is optimized with the Yoast SEO plugin v27.5 - https:\/\/yoast.com\/product\/yoast-seo-wordpress\/ -->\n<title>Tr\u00ea Investindo com Causa<\/title>\n<meta name=\"robots\" content=\"index, follow, max-snippet:-1, max-image-preview:large, max-video-preview:-1\" \/>\n<link rel=\"canonical\" href=\"https:\/\/treinvestimentos.com.br\/antigo\/politica-de-privacidade\/\" \/>\n<meta property=\"og:locale\" content=\"pt_BR\" \/>\n<meta property=\"og:type\" content=\"article\" \/>\n<meta property=\"og:description\" content=\"[vc_row type=&#8221;in_container&#8221; full_screen_row_position=&#8221;middle&#8221; column_margin=&#8221;default&#8221; column_direction=&#8221;default&#8221; column_direction_tablet=&#8221;default&#8221; column_direction_phone=&#8221;default&#8221; scene_position=&#8221;center&#8221; top_padding=&#8221;50&#8243; text_color=&#8221;dark&#8221; text_align=&#8221;left&#8221; row_border_radius=&#8221;none&#8221; row_border_radius_applies=&#8221;bg&#8221; overflow=&#8221;visible&#8221; overlay_strength=&#8221;0.3&#8243; gradient_direction=&#8221;left_to_right&#8221; shape_divider_position=&#8221;bottom&#8221; bg_image_animation=&#8221;none&#8221; shape_type=&#8221;&#8221;][vc_column column_padding=&#8221;no-extra-padding&#8221; column_padding_tablet=&#8221;inherit&#8221; column_padding_phone=&#8221;inherit&#8221; column_padding_position=&#8221;all&#8221; column_element_direction_desktop=&#8221;default&#8221; column_element_spacing=&#8221;default&#8221; desktop_text_alignment=&#8221;default&#8221; tablet_text_alignment=&#8221;default&#8221; phone_text_alignment=&#8221;default&#8221; background_color_opacity=&#8221;1&#8243; background_hover_color_opacity=&#8221;1&#8243;...\" \/>\n<meta property=\"og:url\" content=\"https:\/\/treinvestimentos.com.br\/antigo\/politica-de-privacidade\/\" \/>\n<meta property=\"og:site_name\" content=\"Tr\u00ea Investindo com Causa\" \/>\n<meta property=\"article:modified_time\" content=\"2025-05-27T13:56:31+00:00\" \/>\n<meta name=\"twitter:card\" content=\"summary_large_image\" \/>\n<meta name=\"twitter:label1\" content=\"Est. tempo de leitura\" \/>\n\t<meta name=\"twitter:data1\" content=\"3 minutos\" \/>\n<script type=\"application\/ld+json\" class=\"yoast-schema-graph\">{\"@context\":\"https:\\\/\\\/schema.org\",\"@graph\":[{\"@type\":\"WebPage\",\"@id\":\"https:\\\/\\\/treinvestimentos.com.br\\\/antigo\\\/politica-de-privacidade\\\/\",\"url\":\"https:\\\/\\\/treinvestimentos.com.br\\\/antigo\\\/politica-de-privacidade\\\/\",\"name\":\"\",\"isPartOf\":{\"@id\":\"https:\\\/\\\/treinvestimentos.com.br\\\/antigo\\\/#website\"},\"datePublished\":\"2021-11-22T20:13:35+00:00\",\"dateModified\":\"2025-05-27T13:56:31+00:00\",\"breadcrumb\":{\"@id\":\"https:\\\/\\\/treinvestimentos.com.br\\\/antigo\\\/politica-de-privacidade\\\/#breadcrumb\"},\"inLanguage\":\"pt-BR\",\"potentialAction\":[{\"@type\":\"ReadAction\",\"target\":[\"https:\\\/\\\/treinvestimentos.com.br\\\/antigo\\\/politica-de-privacidade\\\/\"]}]},{\"@type\":\"BreadcrumbList\",\"@id\":\"https:\\\/\\\/treinvestimentos.com.br\\\/antigo\\\/politica-de-privacidade\\\/#breadcrumb\",\"itemListElement\":[{\"@type\":\"ListItem\",\"position\":1,\"name\":\"In\u00edcio\",\"item\":\"https:\\\/\\\/treinvestimentos.com.br\\\/antigo\\\/\"},{\"@type\":\"ListItem\",\"position\":2,\"name\":\"Pol\u00edtica de Privacidade\"}]},{\"@type\":\"WebSite\",\"@id\":\"https:\\\/\\\/treinvestimentos.com.br\\\/antigo\\\/#website\",\"url\":\"https:\\\/\\\/treinvestimentos.com.br\\\/antigo\\\/\",\"name\":\"Tr\u00ea Investindo com Causa\",\"description\":\"Queremos popularizar o investimento em causas, promovendo uma amplia\u00e7\u00e3o da consci\u00eancia no uso do dinheiro e na co-constru\u00e7\u00e3o de uma nova economia.\",\"publisher\":{\"@id\":\"https:\\\/\\\/treinvestimentos.com.br\\\/antigo\\\/#organization\"},\"potentialAction\":[{\"@type\":\"SearchAction\",\"target\":{\"@type\":\"EntryPoint\",\"urlTemplate\":\"https:\\\/\\\/treinvestimentos.com.br\\\/antigo\\\/?s={search_term_string}\"},\"query-input\":{\"@type\":\"PropertyValueSpecification\",\"valueRequired\":true,\"valueName\":\"search_term_string\"}}],\"inLanguage\":\"pt-BR\"},{\"@type\":\"Organization\",\"@id\":\"https:\\\/\\\/treinvestimentos.com.br\\\/antigo\\\/#organization\",\"name\":\"Tr\u00ea Investindo com Causa\",\"url\":\"https:\\\/\\\/treinvestimentos.com.br\\\/antigo\\\/\",\"logo\":{\"@type\":\"ImageObject\",\"inLanguage\":\"pt-BR\",\"@id\":\"https:\\\/\\\/treinvestimentos.com.br\\\/antigo\\\/#\\\/schema\\\/logo\\\/image\\\/\",\"url\":\"https:\\\/\\\/treinvestimentos.com.br\\\/wp-content\\\/uploads\\\/2021\\\/08\\\/Logo-completo-Tre-azul.png\",\"contentUrl\":\"https:\\\/\\\/treinvestimentos.com.br\\\/wp-content\\\/uploads\\\/2021\\\/08\\\/Logo-completo-Tre-azul.png\",\"width\":1175,\"height\":311,\"caption\":\"Tr\u00ea Investindo com Causa\"},\"image\":{\"@id\":\"https:\\\/\\\/treinvestimentos.com.br\\\/antigo\\\/#\\\/schema\\\/logo\\\/image\\\/\"},\"sameAs\":[\"https:\\\/\\\/www.linkedin.com\\\/company\\\/treinvestindocomcausa\\\/?originalSubdomain=br\"]}]}<\/script>\n<!-- \/ Yoast SEO plugin. -->","yoast_head_json":{"title":"Tr\u00ea Investindo com Causa","robots":{"index":"index","follow":"follow","max-snippet":"max-snippet:-1","max-image-preview":"max-image-preview:large","max-video-preview":"max-video-preview:-1"},"canonical":"https:\/\/treinvestimentos.com.br\/antigo\/politica-de-privacidade\/","og_locale":"pt_BR","og_type":"article","og_description":"[vc_row type=&#8221;in_container&#8221; full_screen_row_position=&#8221;middle&#8221; column_margin=&#8221;default&#8221; column_direction=&#8221;default&#8221; column_direction_tablet=&#8221;default&#8221; column_direction_phone=&#8221;default&#8221; scene_position=&#8221;center&#8221; top_padding=&#8221;50&#8243; text_color=&#8221;dark&#8221; text_align=&#8221;left&#8221; row_border_radius=&#8221;none&#8221; row_border_radius_applies=&#8221;bg&#8221; overflow=&#8221;visible&#8221; overlay_strength=&#8221;0.3&#8243; gradient_direction=&#8221;left_to_right&#8221; shape_divider_position=&#8221;bottom&#8221; bg_image_animation=&#8221;none&#8221; shape_type=&#8221;&#8221;][vc_column column_padding=&#8221;no-extra-padding&#8221; column_padding_tablet=&#8221;inherit&#8221; column_padding_phone=&#8221;inherit&#8221; column_padding_position=&#8221;all&#8221; column_element_direction_desktop=&#8221;default&#8221; column_element_spacing=&#8221;default&#8221; desktop_text_alignment=&#8221;default&#8221; tablet_text_alignment=&#8221;default&#8221; phone_text_alignment=&#8221;default&#8221; background_color_opacity=&#8221;1&#8243; background_hover_color_opacity=&#8221;1&#8243;...","og_url":"https:\/\/treinvestimentos.com.br\/antigo\/politica-de-privacidade\/","og_site_name":"Tr\u00ea Investindo com Causa","article_modified_time":"2025-05-27T13:56:31+00:00","twitter_card":"summary_large_image","twitter_misc":{"Est. tempo de leitura":"3 minutos"},"schema":{"@context":"https:\/\/schema.org","@graph":[{"@type":"WebPage","@id":"https:\/\/treinvestimentos.com.br\/antigo\/politica-de-privacidade\/","url":"https:\/\/treinvestimentos.com.br\/antigo\/politica-de-privacidade\/","name":"","isPartOf":{"@id":"https:\/\/treinvestimentos.com.br\/antigo\/#website"},"datePublished":"2021-11-22T20:13:35+00:00","dateModified":"2025-05-27T13:56:31+00:00","breadcrumb":{"@id":"https:\/\/treinvestimentos.com.br\/antigo\/politica-de-privacidade\/#breadcrumb"},"inLanguage":"pt-BR","potentialAction":[{"@type":"ReadAction","target":["https:\/\/treinvestimentos.com.br\/antigo\/politica-de-privacidade\/"]}]},{"@type":"BreadcrumbList","@id":"https:\/\/treinvestimentos.com.br\/antigo\/politica-de-privacidade\/#breadcrumb","itemListElement":[{"@type":"ListItem","position":1,"name":"In\u00edcio","item":"https:\/\/treinvestimentos.com.br\/antigo\/"},{"@type":"ListItem","position":2,"name":"Pol\u00edtica de Privacidade"}]},{"@type":"WebSite","@id":"https:\/\/treinvestimentos.com.br\/antigo\/#website","url":"https:\/\/treinvestimentos.com.br\/antigo\/","name":"Tr\u00ea Investindo com Causa","description":"Queremos popularizar o investimento em causas, promovendo uma amplia\u00e7\u00e3o da consci\u00eancia no uso do dinheiro e na co-constru\u00e7\u00e3o de uma nova economia.","publisher":{"@id":"https:\/\/treinvestimentos.com.br\/antigo\/#organization"},"potentialAction":[{"@type":"SearchAction","target":{"@type":"EntryPoint","urlTemplate":"https:\/\/treinvestimentos.com.br\/antigo\/?s={search_term_string}"},"query-input":{"@type":"PropertyValueSpecification","valueRequired":true,"valueName":"search_term_string"}}],"inLanguage":"pt-BR"},{"@type":"Organization","@id":"https:\/\/treinvestimentos.com.br\/antigo\/#organization","name":"Tr\u00ea Investindo com Causa","url":"https:\/\/treinvestimentos.com.br\/antigo\/","logo":{"@type":"ImageObject","inLanguage":"pt-BR","@id":"https:\/\/treinvestimentos.com.br\/antigo\/#\/schema\/logo\/image\/","url":"https:\/\/treinvestimentos.com.br\/wp-content\/uploads\/2021\/08\/Logo-completo-Tre-azul.png","contentUrl":"https:\/\/treinvestimentos.com.br\/wp-content\/uploads\/2021\/08\/Logo-completo-Tre-azul.png","width":1175,"height":311,"caption":"Tr\u00ea Investindo com Causa"},"image":{"@id":"https:\/\/treinvestimentos.com.br\/antigo\/#\/schema\/logo\/image\/"},"sameAs":["https:\/\/www.linkedin.com\/company\/treinvestindocomcausa\/?originalSubdomain=br"]}]}},"campaignId":"","_links":{"self":[{"href":"https:\/\/treinvestimentos.com.br\/antigo\/wp-json\/wp\/v2\/pages\/3085","targetHints":{"allow":["GET"]}}],"collection":[{"href":"https:\/\/treinvestimentos.com.br\/antigo\/wp-json\/wp\/v2\/pages"}],"about":[{"href":"https:\/\/treinvestimentos.com.br\/antigo\/wp-json\/wp\/v2\/types\/page"}],"author":[{"embeddable":true,"href":"https:\/\/treinvestimentos.com.br\/antigo\/wp-json\/wp\/v2\/users\/7"}],"replies":[{"embeddable":true,"href":"https:\/\/treinvestimentos.com.br\/antigo\/wp-json\/wp\/v2\/comments?post=3085"}],"version-history":[{"count":3,"href":"https:\/\/treinvestimentos.com.br\/antigo\/wp-json\/wp\/v2\/pages\/3085\/revisions"}],"predecessor-version":[{"id":7057,"href":"https:\/\/treinvestimentos.com.br\/antigo\/wp-json\/wp\/v2\/pages\/3085\/revisions\/7057"}],"wp:attachment":[{"href":"https:\/\/treinvestimentos.com.br\/antigo\/wp-json\/wp\/v2\/media?parent=3085"}],"curies":[{"name":"wp","href":"https:\/\/api.w.org\/{rel}","templated":true}]}}