{"id":3077,"date":"2021-11-16T18:09:18","date_gmt":"2021-11-16T21:09:18","guid":{"rendered":"http:\/\/localhost:8888\/tre\/?page_id=3077"},"modified":"2025-02-25T11:50:04","modified_gmt":"2025-02-25T14:50:04","slug":"politica-de-cookies","status":"publish","type":"page","link":"https:\/\/treinvestimentos.com.br\/antigo\/politica-de-cookies\/","title":{"rendered":"Pol\u00edtica de Cookies"},"content":{"rendered":"[vc_row type=&#8221;in_container&#8221; full_screen_row_position=&#8221;middle&#8221; column_margin=&#8221;default&#8221; column_direction=&#8221;default&#8221; column_direction_tablet=&#8221;default&#8221; column_direction_phone=&#8221;default&#8221; scene_position=&#8221;center&#8221; top_padding=&#8221;50&#8243; text_color=&#8221;dark&#8221; text_align=&#8221;left&#8221; row_border_radius=&#8221;none&#8221; row_border_radius_applies=&#8221;bg&#8221; overflow=&#8221;visible&#8221; overlay_strength=&#8221;0.3&#8243; gradient_direction=&#8221;left_to_right&#8221; shape_divider_position=&#8221;bottom&#8221; bg_image_animation=&#8221;none&#8221; shape_type=&#8221;&#8221;][vc_column column_padding=&#8221;no-extra-padding&#8221; column_padding_tablet=&#8221;inherit&#8221; column_padding_phone=&#8221;inherit&#8221; column_padding_position=&#8221;all&#8221; column_element_direction_desktop=&#8221;default&#8221; column_element_spacing=&#8221;default&#8221; desktop_text_alignment=&#8221;default&#8221; tablet_text_alignment=&#8221;default&#8221; phone_text_alignment=&#8221;default&#8221; background_color_opacity=&#8221;1&#8243; background_hover_color_opacity=&#8221;1&#8243; column_backdrop_filter=&#8221;none&#8221; column_shadow=&#8221;none&#8221; column_border_radius=&#8221;none&#8221; column_link_target=&#8221;_self&#8221; column_position=&#8221;default&#8221; gradient_direction=&#8221;left_to_right&#8221; overlay_strength=&#8221;0.3&#8243; width=&#8221;1\/1&#8243; tablet_width_inherit=&#8221;default&#8221; animation_type=&#8221;default&#8221; bg_image_animation=&#8221;none&#8221; border_type=&#8221;simple&#8221; column_border_width=&#8221;none&#8221; column_border_style=&#8221;solid&#8221;][vc_column_text text_direction=&#8221;default&#8221;]\r\n<h2>Pol\u00edtica de Cookies<\/h2>\r\n<p>Esta \u00e9 a Pol\u00edtica de Cookies da Associa\u00e7\u00e3o Empresa Tr\u00ea Investindo com Causa, acess\u00edvel em www.treinvestimentos.com.br\/politica-de-cookies<\/p>\r\n\r\n<p>&nbsp;<\/p>\r\n\r\n<h3 class=\"wp-block-heading\">O que s\u00e3o cookies?<\/h3>\r\n\r\n<p>Como \u00e9 pr\u00e1tica comum em quase todos os sites profissionais, os cookies s\u00e3o pacotes de dados de comunica\u00e7\u00e3o na internet, que s\u00e3o pequenos arquivos baixados para o seu aparelho, para melhorar a sua experi\u00eancia e usabilidade diante de algum site. Este informativo descreve quais informa\u00e7\u00f5es eles coletam, como as usamos e por que \u00e0s vezes precisamos armazenar esses cookies.<\/p>\r\n<p>Tamb\u00e9m compartilharemos como voc\u00ea pode evitar que esses cookies sejam armazenados, no entanto, isso pode diminuir ou quebrar certos elementos da funcionalidade do site.<\/p>\r\n\r\n<p>&nbsp;<\/p>\r\n\r\n<h3 class=\"wp-block-heading\">\u00a0<\/h3>\r\n<h3>Tipos de cookies<\/h3>\r\n\r\n<p><strong>Cookies tempor\u00e1rios<\/strong>:<\/p>\r\n\r\n<p>S\u00e3o usados apenas durante sua visita no website para lembrar de informa\u00e7\u00f5es inseridas. Todos esses dados perdem a validade ao sair do site em seu navegador.<\/p>\r\n\r\n<p><strong>Cookies persistentes<\/strong>:<\/p>\r\n\r\n<p>S\u00e3o usados para configura\u00e7\u00e3o de prefer\u00eancias ao visitar o website, e n\u00e3o s\u00e3o descartadas ap\u00f3s a sa\u00edda do site.Possuem a fun\u00e7\u00e3o de an\u00e1lise de padr\u00f5es como fluxo de navega\u00e7\u00e3o. Possibilitam garantir uma melhor usabilidade do site e a segmenta\u00e7\u00e3o de an\u00fancios que sejam de seu interesse.<\/p>\r\n<p>&nbsp;<\/p>\r\n\r\n<p>&nbsp;<\/p>\r\n\r\n<h3 class=\"wp-block-heading\">Como usamos cookies?<\/h3>\r\n\r\n<p>Nossos cookies s\u00e3o exclusivamente utilizados para an\u00e1lise de p\u00fablico, para sabermos o desempenho de nosso site frente aos diferentes p\u00fablicos que se interessam por nossa empresa. Nenhuma dessas informa\u00e7\u00f5es \u00e9 dividida atualmente e todas as informa\u00e7\u00f5es que s\u00e3o capturadas s\u00e3o realizadas atrav\u00e9s das ferramentas descritas abaixo:<\/p>\r\n\r\n<p><br \/><strong>Google ADS(Acompanhamento de Convers\u00f5es)<\/strong><br \/>Este cookie \u00e9 apenas um rastreador da pr\u00f3pria Google para sabermos se o motivo de visualiza\u00e7\u00e3o do site foi feito atrav\u00e9s de nossos an\u00fancios, para verificar se nossas campanhas t\u00eam sido efetivas.<\/p>\r\n\r\n<p><br \/><strong>Google Analytics<\/strong><br \/>Captura informa\u00e7\u00f5es sobre o fluxo de uso do nosso website, para melhorarmos a estrutura e a experi\u00eancia do usu\u00e1rio.<\/p>\r\n\r\n<p><br \/><strong>Facebook<\/strong><br \/>Assim como o Google ADS, os cookies do facebook guardam suas prefer\u00eancias e interesses para que futuramente possamos lhe alertar novas oportunidades atrav\u00e9s dos an\u00fancios de nosso site.<\/p>\r\n<p>&nbsp;<\/p>\r\n\r\n<p>&nbsp;<\/p>\r\n\r\n<h3 class=\"wp-block-heading\">Desativando cookies<\/h3>\r\n\r\n<p>Voc\u00ea pode escolher rejeitar ou bloquear todos ou tipos espec\u00edficos de cookies configurados atrav\u00e9s da sua visita ao clicar no bot\u00e3o de revis\u00e3o de consentimento de cookies abaixo no nosso site. Voc\u00ea pode modificar as suas prefer\u00eancias alterando as configura\u00e7\u00f5es do seu navegador. Favor observar que a maioria dos navegadores aceitam cookies automaticamente. Portanto, se voc\u00ea n\u00e3o quiser que cookies sejam utilizados, voc\u00ea talvez tenha que apagar ou bloquear cookies ativamente. Se voc\u00ea rejeitar a utiliza\u00e7\u00e3o de cookies, voc\u00ea poder\u00e1 visitar o nosso site, mas algumas das fun\u00e7\u00f5es poder\u00e3o n\u00e3o funcionar corretamente. Voc\u00ea tamb\u00e9m poder\u00e1 visitar www.allaboutcookies.org para mais detalhes sobre como apagar ou rejeitar cookies e para obter informa\u00e7\u00f5es adicionais sobre cookies em geral. Ao utilizar o nosso website sem apagar ou rejeitar alguns ou todos os cookies, voc\u00ea concorda que podemos posicionar aqueles cookies que voc\u00ea n\u00e3o apagou ou rejeitou nos seus dispositivos.<\/p>\r\n\r\n<p>&nbsp;<\/p>\r\n\r\n<h4 class=\"wp-block-heading\">Mais informa\u00e7\u00f5es<\/h4>\r\n\r\n<p>A respeito do armazenamento de conte\u00fado, o setor do T.I da nossa Empresa possui servidores externos, alocados em nuvem da Google. Caso ainda esteja procurando por mais informa\u00e7\u00f5es, voc\u00ea pode nos contatar atrav\u00e9s do nosso canal de comunica\u00e7\u00e3o abaixo:<\/p>\r\n\r\n<p><br \/><strong>\u2022 Email para contato:<\/strong><br \/>falecom@treinvestimentos.com.br<\/p>\r\n<a class=\"wt-cli-manage-consent-link\">Revis\u00e3o de Consentimento<\/a>\r\n\r\n<p>&nbsp;<\/p>\r\n[\/vc_column_text][\/vc_column][\/vc_row]","protected":false},"excerpt":{"rendered":"<p>[vc_row type=&#8221;in_container&#8221; full_screen_row_position=&#8221;middle&#8221; column_margin=&#8221;default&#8221; column_direction=&#8221;default&#8221; column_direction_tablet=&#8221;default&#8221; column_direction_phone=&#8221;default&#8221; scene_position=&#8221;center&#8221; top_padding=&#8221;50&#8243; text_color=&#8221;dark&#8221; text_align=&#8221;left&#8221; row_border_radius=&#8221;none&#8221; row_border_radius_applies=&#8221;bg&#8221; overflow=&#8221;visible&#8221; overlay_strength=&#8221;0.3&#8243; gradient_direction=&#8221;left_to_right&#8221; shape_divider_position=&#8221;bottom&#8221; bg_image_animation=&#8221;none&#8221; shape_type=&#8221;&#8221;][vc_column column_padding=&#8221;no-extra-padding&#8221; column_padding_tablet=&#8221;inherit&#8221; column_padding_phone=&#8221;inherit&#8221; column_padding_position=&#8221;all&#8221; column_element_direction_desktop=&#8221;default&#8221; column_element_spacing=&#8221;default&#8221; desktop_text_alignment=&#8221;default&#8221; tablet_text_alignment=&#8221;default&#8221; phone_text_alignment=&#8221;default&#8221; background_color_opacity=&#8221;1&#8243; background_hover_color_opacity=&#8221;1&#8243;&#8230;<\/p>\n","protected":false},"author":7,"featured_media":0,"parent":0,"menu_order":0,"comment_status":"closed","ping_status":"closed","template":"","meta":{"give_campaign_id":0,"inline_featured_image":false,"footnotes":""},"class_list":["post-3077","page","type-page","status-publish"],"yoast_head":"<!-- This site is optimized with the Yoast SEO plugin v27.5 - https:\/\/yoast.com\/product\/yoast-seo-wordpress\/ -->\n<title>Tr\u00ea Investindo com Causa<\/title>\n<meta name=\"robots\" content=\"index, follow, max-snippet:-1, max-image-preview:large, max-video-preview:-1\" \/>\n<link rel=\"canonical\" href=\"https:\/\/treinvestimentos.com.br\/antigo\/politica-de-cookies\/\" \/>\n<meta property=\"og:locale\" content=\"pt_BR\" \/>\n<meta property=\"og:type\" content=\"article\" \/>\n<meta property=\"og:description\" content=\"[vc_row type=&#8221;in_container&#8221; full_screen_row_position=&#8221;middle&#8221; column_margin=&#8221;default&#8221; column_direction=&#8221;default&#8221; column_direction_tablet=&#8221;default&#8221; column_direction_phone=&#8221;default&#8221; scene_position=&#8221;center&#8221; top_padding=&#8221;50&#8243; text_color=&#8221;dark&#8221; text_align=&#8221;left&#8221; row_border_radius=&#8221;none&#8221; row_border_radius_applies=&#8221;bg&#8221; overflow=&#8221;visible&#8221; overlay_strength=&#8221;0.3&#8243; gradient_direction=&#8221;left_to_right&#8221; shape_divider_position=&#8221;bottom&#8221; bg_image_animation=&#8221;none&#8221; shape_type=&#8221;&#8221;][vc_column column_padding=&#8221;no-extra-padding&#8221; column_padding_tablet=&#8221;inherit&#8221; column_padding_phone=&#8221;inherit&#8221; column_padding_position=&#8221;all&#8221; column_element_direction_desktop=&#8221;default&#8221; column_element_spacing=&#8221;default&#8221; desktop_text_alignment=&#8221;default&#8221; tablet_text_alignment=&#8221;default&#8221; phone_text_alignment=&#8221;default&#8221; background_color_opacity=&#8221;1&#8243; background_hover_color_opacity=&#8221;1&#8243;...\" \/>\n<meta property=\"og:url\" content=\"https:\/\/treinvestimentos.com.br\/antigo\/politica-de-cookies\/\" \/>\n<meta property=\"og:site_name\" content=\"Tr\u00ea Investindo com Causa\" \/>\n<meta property=\"article:modified_time\" content=\"2025-02-25T14:50:04+00:00\" \/>\n<meta name=\"twitter:card\" content=\"summary_large_image\" \/>\n<meta name=\"twitter:label1\" content=\"Est. tempo de leitura\" \/>\n\t<meta name=\"twitter:data1\" content=\"4 minutos\" \/>\n<script type=\"application\/ld+json\" class=\"yoast-schema-graph\">{\"@context\":\"https:\\\/\\\/schema.org\",\"@graph\":[{\"@type\":\"WebPage\",\"@id\":\"https:\\\/\\\/treinvestimentos.com.br\\\/antigo\\\/politica-de-cookies\\\/\",\"url\":\"https:\\\/\\\/treinvestimentos.com.br\\\/antigo\\\/politica-de-cookies\\\/\",\"name\":\"\",\"isPartOf\":{\"@id\":\"https:\\\/\\\/treinvestimentos.com.br\\\/antigo\\\/#website\"},\"datePublished\":\"2021-11-16T21:09:18+00:00\",\"dateModified\":\"2025-02-25T14:50:04+00:00\",\"breadcrumb\":{\"@id\":\"https:\\\/\\\/treinvestimentos.com.br\\\/antigo\\\/politica-de-cookies\\\/#breadcrumb\"},\"inLanguage\":\"pt-BR\",\"potentialAction\":[{\"@type\":\"ReadAction\",\"target\":[\"https:\\\/\\\/treinvestimentos.com.br\\\/antigo\\\/politica-de-cookies\\\/\"]}]},{\"@type\":\"BreadcrumbList\",\"@id\":\"https:\\\/\\\/treinvestimentos.com.br\\\/antigo\\\/politica-de-cookies\\\/#breadcrumb\",\"itemListElement\":[{\"@type\":\"ListItem\",\"position\":1,\"name\":\"In\u00edcio\",\"item\":\"https:\\\/\\\/treinvestimentos.com.br\\\/antigo\\\/\"},{\"@type\":\"ListItem\",\"position\":2,\"name\":\"Pol\u00edtica de Cookies\"}]},{\"@type\":\"WebSite\",\"@id\":\"https:\\\/\\\/treinvestimentos.com.br\\\/antigo\\\/#website\",\"url\":\"https:\\\/\\\/treinvestimentos.com.br\\\/antigo\\\/\",\"name\":\"Tr\u00ea Investindo com Causa\",\"description\":\"Queremos popularizar o investimento em causas, promovendo uma amplia\u00e7\u00e3o da consci\u00eancia no uso do dinheiro e na co-constru\u00e7\u00e3o de uma nova economia.\",\"publisher\":{\"@id\":\"https:\\\/\\\/treinvestimentos.com.br\\\/antigo\\\/#organization\"},\"potentialAction\":[{\"@type\":\"SearchAction\",\"target\":{\"@type\":\"EntryPoint\",\"urlTemplate\":\"https:\\\/\\\/treinvestimentos.com.br\\\/antigo\\\/?s={search_term_string}\"},\"query-input\":{\"@type\":\"PropertyValueSpecification\",\"valueRequired\":true,\"valueName\":\"search_term_string\"}}],\"inLanguage\":\"pt-BR\"},{\"@type\":\"Organization\",\"@id\":\"https:\\\/\\\/treinvestimentos.com.br\\\/antigo\\\/#organization\",\"name\":\"Tr\u00ea Investindo com Causa\",\"url\":\"https:\\\/\\\/treinvestimentos.com.br\\\/antigo\\\/\",\"logo\":{\"@type\":\"ImageObject\",\"inLanguage\":\"pt-BR\",\"@id\":\"https:\\\/\\\/treinvestimentos.com.br\\\/antigo\\\/#\\\/schema\\\/logo\\\/image\\\/\",\"url\":\"https:\\\/\\\/treinvestimentos.com.br\\\/wp-content\\\/uploads\\\/2021\\\/08\\\/Logo-completo-Tre-azul.png\",\"contentUrl\":\"https:\\\/\\\/treinvestimentos.com.br\\\/wp-content\\\/uploads\\\/2021\\\/08\\\/Logo-completo-Tre-azul.png\",\"width\":1175,\"height\":311,\"caption\":\"Tr\u00ea Investindo com Causa\"},\"image\":{\"@id\":\"https:\\\/\\\/treinvestimentos.com.br\\\/antigo\\\/#\\\/schema\\\/logo\\\/image\\\/\"},\"sameAs\":[\"https:\\\/\\\/www.linkedin.com\\\/company\\\/treinvestindocomcausa\\\/?originalSubdomain=br\"]}]}<\/script>\n<!-- \/ Yoast SEO plugin. -->","yoast_head_json":{"title":"Tr\u00ea Investindo com Causa","robots":{"index":"index","follow":"follow","max-snippet":"max-snippet:-1","max-image-preview":"max-image-preview:large","max-video-preview":"max-video-preview:-1"},"canonical":"https:\/\/treinvestimentos.com.br\/antigo\/politica-de-cookies\/","og_locale":"pt_BR","og_type":"article","og_description":"[vc_row type=&#8221;in_container&#8221; full_screen_row_position=&#8221;middle&#8221; column_margin=&#8221;default&#8221; column_direction=&#8221;default&#8221; column_direction_tablet=&#8221;default&#8221; column_direction_phone=&#8221;default&#8221; scene_position=&#8221;center&#8221; top_padding=&#8221;50&#8243; text_color=&#8221;dark&#8221; text_align=&#8221;left&#8221; row_border_radius=&#8221;none&#8221; row_border_radius_applies=&#8221;bg&#8221; overflow=&#8221;visible&#8221; overlay_strength=&#8221;0.3&#8243; gradient_direction=&#8221;left_to_right&#8221; shape_divider_position=&#8221;bottom&#8221; bg_image_animation=&#8221;none&#8221; shape_type=&#8221;&#8221;][vc_column column_padding=&#8221;no-extra-padding&#8221; column_padding_tablet=&#8221;inherit&#8221; column_padding_phone=&#8221;inherit&#8221; column_padding_position=&#8221;all&#8221; column_element_direction_desktop=&#8221;default&#8221; column_element_spacing=&#8221;default&#8221; desktop_text_alignment=&#8221;default&#8221; tablet_text_alignment=&#8221;default&#8221; phone_text_alignment=&#8221;default&#8221; background_color_opacity=&#8221;1&#8243; background_hover_color_opacity=&#8221;1&#8243;...","og_url":"https:\/\/treinvestimentos.com.br\/antigo\/politica-de-cookies\/","og_site_name":"Tr\u00ea Investindo com Causa","article_modified_time":"2025-02-25T14:50:04+00:00","twitter_card":"summary_large_image","twitter_misc":{"Est. tempo de leitura":"4 minutos"},"schema":{"@context":"https:\/\/schema.org","@graph":[{"@type":"WebPage","@id":"https:\/\/treinvestimentos.com.br\/antigo\/politica-de-cookies\/","url":"https:\/\/treinvestimentos.com.br\/antigo\/politica-de-cookies\/","name":"","isPartOf":{"@id":"https:\/\/treinvestimentos.com.br\/antigo\/#website"},"datePublished":"2021-11-16T21:09:18+00:00","dateModified":"2025-02-25T14:50:04+00:00","breadcrumb":{"@id":"https:\/\/treinvestimentos.com.br\/antigo\/politica-de-cookies\/#breadcrumb"},"inLanguage":"pt-BR","potentialAction":[{"@type":"ReadAction","target":["https:\/\/treinvestimentos.com.br\/antigo\/politica-de-cookies\/"]}]},{"@type":"BreadcrumbList","@id":"https:\/\/treinvestimentos.com.br\/antigo\/politica-de-cookies\/#breadcrumb","itemListElement":[{"@type":"ListItem","position":1,"name":"In\u00edcio","item":"https:\/\/treinvestimentos.com.br\/antigo\/"},{"@type":"ListItem","position":2,"name":"Pol\u00edtica de Cookies"}]},{"@type":"WebSite","@id":"https:\/\/treinvestimentos.com.br\/antigo\/#website","url":"https:\/\/treinvestimentos.com.br\/antigo\/","name":"Tr\u00ea Investindo com Causa","description":"Queremos popularizar o investimento em causas, promovendo uma amplia\u00e7\u00e3o da consci\u00eancia no uso do dinheiro e na co-constru\u00e7\u00e3o de uma nova economia.","publisher":{"@id":"https:\/\/treinvestimentos.com.br\/antigo\/#organization"},"potentialAction":[{"@type":"SearchAction","target":{"@type":"EntryPoint","urlTemplate":"https:\/\/treinvestimentos.com.br\/antigo\/?s={search_term_string}"},"query-input":{"@type":"PropertyValueSpecification","valueRequired":true,"valueName":"search_term_string"}}],"inLanguage":"pt-BR"},{"@type":"Organization","@id":"https:\/\/treinvestimentos.com.br\/antigo\/#organization","name":"Tr\u00ea Investindo com Causa","url":"https:\/\/treinvestimentos.com.br\/antigo\/","logo":{"@type":"ImageObject","inLanguage":"pt-BR","@id":"https:\/\/treinvestimentos.com.br\/antigo\/#\/schema\/logo\/image\/","url":"https:\/\/treinvestimentos.com.br\/wp-content\/uploads\/2021\/08\/Logo-completo-Tre-azul.png","contentUrl":"https:\/\/treinvestimentos.com.br\/wp-content\/uploads\/2021\/08\/Logo-completo-Tre-azul.png","width":1175,"height":311,"caption":"Tr\u00ea Investindo com Causa"},"image":{"@id":"https:\/\/treinvestimentos.com.br\/antigo\/#\/schema\/logo\/image\/"},"sameAs":["https:\/\/www.linkedin.com\/company\/treinvestindocomcausa\/?originalSubdomain=br"]}]}},"campaignId":"","_links":{"self":[{"href":"https:\/\/treinvestimentos.com.br\/antigo\/wp-json\/wp\/v2\/pages\/3077","targetHints":{"allow":["GET"]}}],"collection":[{"href":"https:\/\/treinvestimentos.com.br\/antigo\/wp-json\/wp\/v2\/pages"}],"about":[{"href":"https:\/\/treinvestimentos.com.br\/antigo\/wp-json\/wp\/v2\/types\/page"}],"author":[{"embeddable":true,"href":"https:\/\/treinvestimentos.com.br\/antigo\/wp-json\/wp\/v2\/users\/7"}],"replies":[{"embeddable":true,"href":"https:\/\/treinvestimentos.com.br\/antigo\/wp-json\/wp\/v2\/comments?post=3077"}],"version-history":[{"count":18,"href":"https:\/\/treinvestimentos.com.br\/antigo\/wp-json\/wp\/v2\/pages\/3077\/revisions"}],"predecessor-version":[{"id":6762,"href":"https:\/\/treinvestimentos.com.br\/antigo\/wp-json\/wp\/v2\/pages\/3077\/revisions\/6762"}],"wp:attachment":[{"href":"https:\/\/treinvestimentos.com.br\/antigo\/wp-json\/wp\/v2\/media?parent=3077"}],"curies":[{"name":"wp","href":"https:\/\/api.w.org\/{rel}","templated":true}]}}