{"id":2621,"date":"2021-07-14T14:51:59","date_gmt":"2021-07-14T17:51:59","guid":{"rendered":"http:\/\/localhost:8888\/tre\/?page_id=2621"},"modified":"2024-05-06T09:53:19","modified_gmt":"2024-05-06T12:53:19","slug":"conteudos","status":"publish","type":"page","link":"https:\/\/treinvestimentos.com.br\/antigo\/conteudos\/","title":{"rendered":"Conte\u00fados"},"content":{"rendered":"[vc_row type=&#8221;full_width_background&#8221; full_screen_row_position=&#8221;middle&#8221; column_margin=&#8221;default&#8221; column_direction=&#8221;default&#8221; column_direction_tablet=&#8221;default&#8221; column_direction_phone=&#8221;default&#8221; bg_image=&#8221;5681&#8243; bg_image_phone=&#8221;5749&#8243; bg_position=&#8221;center center&#8221; background_image_loading=&#8221;default&#8221; bg_repeat=&#8221;no-repeat&#8221; scene_position=&#8221;center&#8221; top_padding=&#8221;100&#8243; bottom_padding=&#8221;200&#8243; bottom_padding_phone=&#8221;150&#8243; text_color=&#8221;light&#8221; text_align=&#8221;center&#8221; row_border_radius=&#8221;none&#8221; row_border_radius_applies=&#8221;bg&#8221; overflow=&#8221;visible&#8221; class=&#8221;border-fix&#8221; overlay_strength=&#8221;0.3&#8243; gradient_direction=&#8221;left_to_right&#8221; enable_shape_divider=&#8221;true&#8221; shape_divider_color=&#8221;#ffffff&#8221; shape_divider_position=&#8221;bottom&#8221; shape_divider_height=&#8221;200&#8243; bg_image_animation=&#8221;zoom-out-slow&#8221; parallax_bg=&#8221;true&#8221; parallax_bg_speed=&#8221;fixed&#8221; shape_type=&#8221;curve_asym&#8221; gradient_type=&#8221;default&#8221;][vc_column column_padding=&#8221;padding-5-percent&#8221; column_padding_tablet=&#8221;inherit&#8221; column_padding_phone=&#8221;padding-3-percent&#8221; column_padding_position=&#8221;all&#8221; column_element_direction_desktop=&#8221;default&#8221; column_element_spacing=&#8221;default&#8221; centered_text=&#8221;true&#8221; desktop_text_alignment=&#8221;default&#8221; tablet_text_alignment=&#8221;default&#8221; phone_text_alignment=&#8221;default&#8221; background_color_opacity=&#8221;1&#8243; background_hover_color_opacity=&#8221;1&#8243; column_backdrop_filter=&#8221;none&#8221; column_shadow=&#8221;none&#8221; column_border_radius=&#8221;none&#8221; column_link_target=&#8221;_self&#8221; column_position=&#8221;default&#8221; gradient_direction=&#8221;left_to_right&#8221; overlay_strength=&#8221;0.3&#8243; width=&#8221;1\/1&#8243; tablet_width_inherit=&#8221;default&#8221; animation_type=&#8221;default&#8221; enable_animation=&#8221;true&#8221; animation=&#8221;fade-in-from-bottom&#8221; animation_easing=&#8221;default&#8221; bg_image_animation=&#8221;none&#8221; border_type=&#8221;simple&#8221; column_border_width=&#8221;none&#8221; column_border_style=&#8221;solid&#8221; column_padding_type=&#8221;default&#8221; gradient_type=&#8221;default&#8221;][vc_column_text text_direction=&#8221;default&#8221; el_class=&#8221;sombra&#8221;]\n<h1>Vamos conversar sobre o fluxo saud\u00e1vel do dinheiro?<\/h1>\n[\/vc_column_text][\/vc_column][\/vc_row][vc_row type=&#8221;in_container&#8221; full_screen_row_position=&#8221;middle&#8221; column_margin=&#8221;default&#8221; column_direction=&#8221;default&#8221; column_direction_tablet=&#8221;default&#8221; column_direction_phone=&#8221;default&#8221; scene_position=&#8221;center&#8221; bottom_padding=&#8221;100&#8243; text_color=&#8221;dark&#8221; text_align=&#8221;left&#8221; row_border_radius=&#8221;none&#8221; row_border_radius_applies=&#8221;bg&#8221; overflow=&#8221;visible&#8221; overlay_strength=&#8221;0.3&#8243; gradient_direction=&#8221;left_to_right&#8221; shape_divider_position=&#8221;bottom&#8221; bg_image_animation=&#8221;none&#8221; shape_type=&#8221;&#8221; gradient_type=&#8221;default&#8221;][vc_column column_padding=&#8221;no-extra-padding&#8221; column_padding_tablet=&#8221;inherit&#8221; column_padding_phone=&#8221;inherit&#8221; column_padding_position=&#8221;all&#8221; column_element_direction_desktop=&#8221;default&#8221; column_element_spacing=&#8221;default&#8221; desktop_text_alignment=&#8221;default&#8221; tablet_text_alignment=&#8221;default&#8221; phone_text_alignment=&#8221;default&#8221; background_color_opacity=&#8221;1&#8243; background_hover_color_opacity=&#8221;1&#8243; column_backdrop_filter=&#8221;none&#8221; column_shadow=&#8221;none&#8221; column_border_radius=&#8221;none&#8221; column_link_target=&#8221;_self&#8221; column_position=&#8221;default&#8221; gradient_direction=&#8221;left_to_right&#8221; overlay_strength=&#8221;0.3&#8243; width=&#8221;1\/1&#8243; tablet_width_inherit=&#8221;default&#8221; animation_type=&#8221;default&#8221; bg_image_animation=&#8221;none&#8221; border_type=&#8221;simple&#8221; column_border_width=&#8221;none&#8221; column_border_style=&#8221;solid&#8221;][recent_posts style=&#8221;single_large_featured&#8221; large_featured_padding=&#8221;10%&#8221; button_color=&#8221;Extra-Color-1&#8243; button_arrow_style=&#8221;none&#8221; load_in_animation=&#8221;none&#8221; single_large_featured_content_side_spacing=&#8221;7%&#8221; single_large_featured_content_alignment=&#8221;middle&#8221; large_featured_content_max_width=&#8221;default&#8221; bg_overlay=&#8221;solid_color&#8221; large_featured_heading_tag=&#8221;h3&#8243; category=&#8221;all&#8221; order=&#8221;DESC&#8221; orderby=&#8221;date&#8221; image_loading=&#8221;lazy-load&#8221; blog_remove_post_author=&#8221;true&#8221; blog_remove_post_comment_number=&#8221;true&#8221; blog_remove_post_nectar_love=&#8221;true&#8221;][divider line_type=&#8221;No Line&#8221; custom_height=&#8221;10&#8243; custom_height_phone=&#8221;60&#8243;][nectar_blog layout=&#8221;std-blog-sidebar&#8221; blog_standard_style=&#8221;inherit&#8221; load_in_animation=&#8221;perspective&#8221; category=&#8221;all&#8221; enable_pagination=&#8221;true&#8221; pagination_type=&#8221;default&#8221; order=&#8221;DESC&#8221; orderby=&#8221;date&#8221; blog_remove_post_author=&#8221;true&#8221; blog_remove_post_comment_number=&#8221;true&#8221; blog_remove_post_nectar_love=&#8221;true&#8221; posts_per_page=&#8221;5&#8243; post_offset=&#8221;2&#8243;][\/vc_column][\/vc_row][vc_row type=&#8221;in_container&#8221; full_screen_row_position=&#8221;middle&#8221; column_margin=&#8221;default&#8221; column_direction=&#8221;default&#8221; column_direction_tablet=&#8221;default&#8221; column_direction_phone=&#8221;default&#8221; scene_position=&#8221;center&#8221; text_color=&#8221;dark&#8221; text_align=&#8221;left&#8221; row_border_radius=&#8221;none&#8221; row_border_radius_applies=&#8221;bg&#8221; overflow=&#8221;visible&#8221; overlay_strength=&#8221;0.3&#8243; gradient_direction=&#8221;left_to_right&#8221; shape_divider_position=&#8221;bottom&#8221; bg_image_animation=&#8221;none&#8221;][vc_column column_padding=&#8221;no-extra-padding&#8221; column_padding_tablet=&#8221;inherit&#8221; column_padding_phone=&#8221;inherit&#8221; column_padding_position=&#8221;all&#8221; column_element_direction_desktop=&#8221;default&#8221; column_element_spacing=&#8221;default&#8221; desktop_text_alignment=&#8221;default&#8221; tablet_text_alignment=&#8221;default&#8221; phone_text_alignment=&#8221;default&#8221; background_color_opacity=&#8221;1&#8243; background_hover_color_opacity=&#8221;1&#8243; column_backdrop_filter=&#8221;none&#8221; column_shadow=&#8221;none&#8221; column_border_radius=&#8221;none&#8221; column_link_target=&#8221;_self&#8221; column_position=&#8221;default&#8221; gradient_direction=&#8221;left_to_right&#8221; overlay_strength=&#8221;0.3&#8243; width=&#8221;1\/1&#8243; tablet_width_inherit=&#8221;default&#8221; animation_type=&#8221;default&#8221; bg_image_animation=&#8221;none&#8221; border_type=&#8221;simple&#8221; column_border_width=&#8221;none&#8221; column_border_style=&#8221;solid&#8221;][nectar_global_section id=&#8221;5741&#8243;][\/vc_column][\/vc_row]\n","protected":false},"excerpt":{"rendered":"<p>[vc_row type=&#8221;full_width_background&#8221; full_screen_row_position=&#8221;middle&#8221; column_margin=&#8221;default&#8221; column_direction=&#8221;default&#8221; column_direction_tablet=&#8221;default&#8221; column_direction_phone=&#8221;default&#8221; bg_image=&#8221;5681&#8243; bg_image_phone=&#8221;5749&#8243; bg_position=&#8221;center center&#8221; background_image_loading=&#8221;default&#8221; bg_repeat=&#8221;no-repeat&#8221; scene_position=&#8221;center&#8221; top_padding=&#8221;100&#8243; bottom_padding=&#8221;200&#8243; bottom_padding_phone=&#8221;150&#8243; text_color=&#8221;light&#8221; text_align=&#8221;center&#8221; row_border_radius=&#8221;none&#8221; row_border_radius_applies=&#8221;bg&#8221; overflow=&#8221;visible&#8221; class=&#8221;border-fix&#8221; overlay_strength=&#8221;0.3&#8243; gradient_direction=&#8221;left_to_right&#8221; enable_shape_divider=&#8221;true&#8221; shape_divider_color=&#8221;#ffffff&#8221; shape_divider_position=&#8221;bottom&#8221; shape_divider_height=&#8221;200&#8243; bg_image_animation=&#8221;zoom-out-slow&#8221;&#8230;<\/p>\n","protected":false},"author":7,"featured_media":0,"parent":0,"menu_order":0,"comment_status":"closed","ping_status":"closed","template":"","meta":{"give_campaign_id":0,"inline_featured_image":false,"footnotes":""},"class_list":["post-2621","page","type-page","status-publish"],"yoast_head":"<!-- This site is optimized with the Yoast SEO plugin v27.5 - https:\/\/yoast.com\/product\/yoast-seo-wordpress\/ -->\n<title>Conte\u00fados - Tr\u00ea Investindo com Causa<\/title>\n<meta name=\"description\" content=\"Queremos ecoar em muitos cantos! A Tr\u00ea promove encontros para conectar investidores a neg\u00f3cios com causa. Participe conosco!\" \/>\n<meta name=\"robots\" content=\"index, follow, max-snippet:-1, max-image-preview:large, max-video-preview:-1\" \/>\n<link rel=\"canonical\" href=\"https:\/\/treinvestimentos.com.br\/antigo\/conteudos\/\" \/>\n<meta property=\"og:locale\" content=\"pt_BR\" \/>\n<meta property=\"og:type\" content=\"article\" \/>\n<meta property=\"og:title\" content=\"Conte\u00fados - Tr\u00ea Investindo com Causa\" \/>\n<meta property=\"og:description\" content=\"Queremos ecoar em muitos cantos! A Tr\u00ea promove encontros para conectar investidores a neg\u00f3cios com causa. Participe conosco!\" \/>\n<meta property=\"og:url\" content=\"https:\/\/treinvestimentos.com.br\/antigo\/conteudos\/\" \/>\n<meta property=\"og:site_name\" content=\"Tr\u00ea Investindo com Causa\" \/>\n<meta property=\"article:modified_time\" content=\"2024-05-06T12:53:19+00:00\" \/>\n<meta name=\"twitter:card\" content=\"summary_large_image\" \/>\n<meta name=\"twitter:label1\" content=\"Est. tempo de leitura\" \/>\n\t<meta name=\"twitter:data1\" content=\"4 minutos\" \/>\n<script type=\"application\/ld+json\" class=\"yoast-schema-graph\">{\"@context\":\"https:\\\/\\\/schema.org\",\"@graph\":[{\"@type\":\"WebPage\",\"@id\":\"https:\\\/\\\/treinvestimentos.com.br\\\/antigo\\\/conteudos\\\/\",\"url\":\"https:\\\/\\\/treinvestimentos.com.br\\\/antigo\\\/conteudos\\\/\",\"name\":\"Conte\u00fados - Tr\u00ea Investindo com Causa\",\"isPartOf\":{\"@id\":\"https:\\\/\\\/treinvestimentos.com.br\\\/antigo\\\/#website\"},\"datePublished\":\"2021-07-14T17:51:59+00:00\",\"dateModified\":\"2024-05-06T12:53:19+00:00\",\"description\":\"Queremos ecoar em muitos cantos! A Tr\u00ea promove encontros para conectar investidores a neg\u00f3cios com causa. Participe conosco!\",\"breadcrumb\":{\"@id\":\"https:\\\/\\\/treinvestimentos.com.br\\\/antigo\\\/conteudos\\\/#breadcrumb\"},\"inLanguage\":\"pt-BR\",\"potentialAction\":[{\"@type\":\"ReadAction\",\"target\":[\"https:\\\/\\\/treinvestimentos.com.br\\\/antigo\\\/conteudos\\\/\"]}]},{\"@type\":\"BreadcrumbList\",\"@id\":\"https:\\\/\\\/treinvestimentos.com.br\\\/antigo\\\/conteudos\\\/#breadcrumb\",\"itemListElement\":[{\"@type\":\"ListItem\",\"position\":1,\"name\":\"In\u00edcio\",\"item\":\"https:\\\/\\\/treinvestimentos.com.br\\\/antigo\\\/\"},{\"@type\":\"ListItem\",\"position\":2,\"name\":\"Conte\u00fados\"}]},{\"@type\":\"WebSite\",\"@id\":\"https:\\\/\\\/treinvestimentos.com.br\\\/antigo\\\/#website\",\"url\":\"https:\\\/\\\/treinvestimentos.com.br\\\/antigo\\\/\",\"name\":\"Tr\u00ea Investindo com Causa\",\"description\":\"Queremos popularizar o investimento em causas, promovendo uma amplia\u00e7\u00e3o da consci\u00eancia no uso do dinheiro e na co-constru\u00e7\u00e3o de uma nova economia.\",\"publisher\":{\"@id\":\"https:\\\/\\\/treinvestimentos.com.br\\\/antigo\\\/#organization\"},\"potentialAction\":[{\"@type\":\"SearchAction\",\"target\":{\"@type\":\"EntryPoint\",\"urlTemplate\":\"https:\\\/\\\/treinvestimentos.com.br\\\/antigo\\\/?s={search_term_string}\"},\"query-input\":{\"@type\":\"PropertyValueSpecification\",\"valueRequired\":true,\"valueName\":\"search_term_string\"}}],\"inLanguage\":\"pt-BR\"},{\"@type\":\"Organization\",\"@id\":\"https:\\\/\\\/treinvestimentos.com.br\\\/antigo\\\/#organization\",\"name\":\"Tr\u00ea Investindo com Causa\",\"url\":\"https:\\\/\\\/treinvestimentos.com.br\\\/antigo\\\/\",\"logo\":{\"@type\":\"ImageObject\",\"inLanguage\":\"pt-BR\",\"@id\":\"https:\\\/\\\/treinvestimentos.com.br\\\/antigo\\\/#\\\/schema\\\/logo\\\/image\\\/\",\"url\":\"https:\\\/\\\/treinvestimentos.com.br\\\/wp-content\\\/uploads\\\/2021\\\/08\\\/Logo-completo-Tre-azul.png\",\"contentUrl\":\"https:\\\/\\\/treinvestimentos.com.br\\\/wp-content\\\/uploads\\\/2021\\\/08\\\/Logo-completo-Tre-azul.png\",\"width\":1175,\"height\":311,\"caption\":\"Tr\u00ea Investindo com Causa\"},\"image\":{\"@id\":\"https:\\\/\\\/treinvestimentos.com.br\\\/antigo\\\/#\\\/schema\\\/logo\\\/image\\\/\"},\"sameAs\":[\"https:\\\/\\\/www.linkedin.com\\\/company\\\/treinvestindocomcausa\\\/?originalSubdomain=br\"]}]}<\/script>\n<!-- \/ Yoast SEO plugin. -->","yoast_head_json":{"title":"Conte\u00fados - Tr\u00ea Investindo com Causa","description":"Queremos ecoar em muitos cantos! A Tr\u00ea promove encontros para conectar investidores a neg\u00f3cios com causa. Participe conosco!","robots":{"index":"index","follow":"follow","max-snippet":"max-snippet:-1","max-image-preview":"max-image-preview:large","max-video-preview":"max-video-preview:-1"},"canonical":"https:\/\/treinvestimentos.com.br\/antigo\/conteudos\/","og_locale":"pt_BR","og_type":"article","og_title":"Conte\u00fados - Tr\u00ea Investindo com Causa","og_description":"Queremos ecoar em muitos cantos! A Tr\u00ea promove encontros para conectar investidores a neg\u00f3cios com causa. Participe conosco!","og_url":"https:\/\/treinvestimentos.com.br\/antigo\/conteudos\/","og_site_name":"Tr\u00ea Investindo com Causa","article_modified_time":"2024-05-06T12:53:19+00:00","twitter_card":"summary_large_image","twitter_misc":{"Est. tempo de leitura":"4 minutos"},"schema":{"@context":"https:\/\/schema.org","@graph":[{"@type":"WebPage","@id":"https:\/\/treinvestimentos.com.br\/antigo\/conteudos\/","url":"https:\/\/treinvestimentos.com.br\/antigo\/conteudos\/","name":"Conte\u00fados - Tr\u00ea Investindo com Causa","isPartOf":{"@id":"https:\/\/treinvestimentos.com.br\/antigo\/#website"},"datePublished":"2021-07-14T17:51:59+00:00","dateModified":"2024-05-06T12:53:19+00:00","description":"Queremos ecoar em muitos cantos! A Tr\u00ea promove encontros para conectar investidores a neg\u00f3cios com causa. Participe conosco!","breadcrumb":{"@id":"https:\/\/treinvestimentos.com.br\/antigo\/conteudos\/#breadcrumb"},"inLanguage":"pt-BR","potentialAction":[{"@type":"ReadAction","target":["https:\/\/treinvestimentos.com.br\/antigo\/conteudos\/"]}]},{"@type":"BreadcrumbList","@id":"https:\/\/treinvestimentos.com.br\/antigo\/conteudos\/#breadcrumb","itemListElement":[{"@type":"ListItem","position":1,"name":"In\u00edcio","item":"https:\/\/treinvestimentos.com.br\/antigo\/"},{"@type":"ListItem","position":2,"name":"Conte\u00fados"}]},{"@type":"WebSite","@id":"https:\/\/treinvestimentos.com.br\/antigo\/#website","url":"https:\/\/treinvestimentos.com.br\/antigo\/","name":"Tr\u00ea Investindo com Causa","description":"Queremos popularizar o investimento em causas, promovendo uma amplia\u00e7\u00e3o da consci\u00eancia no uso do dinheiro e na co-constru\u00e7\u00e3o de uma nova economia.","publisher":{"@id":"https:\/\/treinvestimentos.com.br\/antigo\/#organization"},"potentialAction":[{"@type":"SearchAction","target":{"@type":"EntryPoint","urlTemplate":"https:\/\/treinvestimentos.com.br\/antigo\/?s={search_term_string}"},"query-input":{"@type":"PropertyValueSpecification","valueRequired":true,"valueName":"search_term_string"}}],"inLanguage":"pt-BR"},{"@type":"Organization","@id":"https:\/\/treinvestimentos.com.br\/antigo\/#organization","name":"Tr\u00ea Investindo com Causa","url":"https:\/\/treinvestimentos.com.br\/antigo\/","logo":{"@type":"ImageObject","inLanguage":"pt-BR","@id":"https:\/\/treinvestimentos.com.br\/antigo\/#\/schema\/logo\/image\/","url":"https:\/\/treinvestimentos.com.br\/wp-content\/uploads\/2021\/08\/Logo-completo-Tre-azul.png","contentUrl":"https:\/\/treinvestimentos.com.br\/wp-content\/uploads\/2021\/08\/Logo-completo-Tre-azul.png","width":1175,"height":311,"caption":"Tr\u00ea Investindo com Causa"},"image":{"@id":"https:\/\/treinvestimentos.com.br\/antigo\/#\/schema\/logo\/image\/"},"sameAs":["https:\/\/www.linkedin.com\/company\/treinvestindocomcausa\/?originalSubdomain=br"]}]}},"campaignId":"","_links":{"self":[{"href":"https:\/\/treinvestimentos.com.br\/antigo\/wp-json\/wp\/v2\/pages\/2621","targetHints":{"allow":["GET"]}}],"collection":[{"href":"https:\/\/treinvestimentos.com.br\/antigo\/wp-json\/wp\/v2\/pages"}],"about":[{"href":"https:\/\/treinvestimentos.com.br\/antigo\/wp-json\/wp\/v2\/types\/page"}],"author":[{"embeddable":true,"href":"https:\/\/treinvestimentos.com.br\/antigo\/wp-json\/wp\/v2\/users\/7"}],"replies":[{"embeddable":true,"href":"https:\/\/treinvestimentos.com.br\/antigo\/wp-json\/wp\/v2\/comments?post=2621"}],"version-history":[{"count":38,"href":"https:\/\/treinvestimentos.com.br\/antigo\/wp-json\/wp\/v2\/pages\/2621\/revisions"}],"predecessor-version":[{"id":6096,"href":"https:\/\/treinvestimentos.com.br\/antigo\/wp-json\/wp\/v2\/pages\/2621\/revisions\/6096"}],"wp:attachment":[{"href":"https:\/\/treinvestimentos.com.br\/antigo\/wp-json\/wp\/v2\/media?parent=2621"}],"curies":[{"name":"wp","href":"https:\/\/api.w.org\/{rel}","templated":true}]}}